{"id":57,"date":"2023-12-01T23:55:48","date_gmt":"2023-12-01T22:55:48","guid":{"rendered":"https:\/\/rozumiem-akceptuje.fundacjasmart.pl\/?page_id=57"},"modified":"2024-02-25T19:42:16","modified_gmt":"2024-02-25T18:42:16","slug":"strona-glowna","status":"publish","type":"page","link":"https:\/\/rozumiem-akceptuje.fundacjasmart.pl\/ua\/","title":{"rendered":"Strona g\u0142\u00f3wna"},"content":{"rendered":"<div class=\"wpb-content-wrapper\"><p>[vc_row][vc_column][vc_column_text]<\/p>\n<h1>\u043f\u0440\u043e\u0435\u043a\u0442 \u201e\u0420\u043e\u0437\u0443\u043c\u0456\u044e, \u0442\u043e\u043c\u0443 \u044f \u043f\u0440\u0438\u0439\u043c\u0430\u044e&#8221;<\/h1>\n<p>\u041c\u0435\u0442\u043e\u044e \u043f\u0440\u043e\u0435\u043a\u0442\u0443 \u201e \u0420\u043e\u0437\u0443\u043c\u0456\u044e, \u0442\u043e\u043c\u0443 \u044f \u043f\u0440\u0438\u0439\u043c\u0430\u044e\u201d \u0454 \u0444\u043e\u0440\u043c\u0443\u0432\u0430\u043d\u043d\u044f \u0441\u0442\u0430\u0432\u043b\u0435\u043d\u043d\u044f \u0442\u043e\u043b\u0435\u0440\u0430\u043d\u0442\u043d\u043e\u0441\u0442\u0456 \u0442\u0430 \u0432\u0456\u0434\u043a\u0440\u0438\u0442\u043e\u0441\u0442\u0456 \u0434\u043e \u0456\u043d\u0448\u0438\u0445 \u043b\u044e\u0434\u0435\u0439 \u0441\u0435\u0440\u0435\u0434 \u043f\u043e\u043b\u044c\u0441\u044c\u043a\u043e\u0457 \u0442\u0430 \u0443\u043a\u0440\u0430\u0457\u043d\u0441\u044c\u043a\u043e\u0457 \u043c\u043e\u043b\u043e\u0434\u0456. \u0420\u0435\u0430\u043b\u0456\u0437\u0430\u0446\u0456\u0454\u044e \u043f\u0440\u043e\u0435\u043a\u0442\u0443 \u043c\u0438 \u0445\u043e\u0447\u0435\u043c\u043e \u0434\u043e\u043d\u0435\u0441\u0442\u0438 \u0434\u043e \u043c\u043e\u043b\u043e\u0434\u0456 \u0440\u043e\u0437\u0443\u043c\u0456\u043d\u043d\u044f \u0442\u043e\u0433\u043e, \u0449\u043e \u0431\u0443\u0442\u0438 \u0440\u0456\u0437\u043d\u0438\u043c \u2013 \u0446\u0435 \u0449\u043e\u0441\u044c \u043f\u0440\u0438\u0440\u043e\u0434\u043d\u0435, \u0430 \u0440\u043e\u0437\u0443\u043c\u0456\u043d\u043d\u044f \u0456\u043d\u0448\u043e\u0457 \u043b\u044e\u0434\u0438\u043d\u0438, \u0457\u0457 \u043f\u043e\u0442\u0440\u0435\u0431 \u0456 \u0446\u0456\u043b\u0435\u0439 \u0454 \u043e\u0441\u043d\u043e\u0432\u043e\u044e \u0434\u043b\u044f \u0444\u043e\u0440\u043c\u0443\u0432\u0430\u043d\u043d\u044f \u0434\u043e\u0431\u0440\u0438\u0445 \u0432\u0456\u0434\u043d\u043e\u0441\u0438\u043d \u043c\u0456\u0436 \u0441\u0443\u0441\u0456\u0434\u043d\u0456\u043c\u0438 \u043a\u0440\u0430\u0457\u043d\u0430\u043c\u0438.<\/p>\n<p>\u0423\u0447\u0430\u0441\u043d\u0438\u043a\u0438 \u043f\u0440\u043e\u0435\u043a\u0442\u0443 \u2013 \u043c\u043e\u043b\u043e\u0434\u0456 \u043b\u044e\u0434\u0438 \u2013 \u0437\u0430\u0432\u0434\u044f\u043a\u0438 \u0443\u0447\u0430\u0441\u0442\u0456 \u0432 \u043f\u0440\u043e\u0435\u043a\u0442\u0456 \u0441\u0442\u0430\u043d\u0443\u0442\u044c \u0431\u0456\u043b\u044c\u0448 \u0432\u0456\u0434\u043a\u0440\u0438\u0442\u0438\u043c\u0438 \u0434\u043e \u043d\u043e\u0432\u0438\u0445 \u0432\u0438\u043a\u043b\u0438\u043a\u0456\u0432 \u0442\u0430 \u0443\u0441\u0432\u0456\u0434\u043e\u043c\u043b\u044f\u0442\u044c \u0432\u043f\u043b\u0438\u0432 \u0441\u0432\u043e\u0454\u0457 \u043f\u043e\u0432\u0435\u0434\u0456\u043d\u043a\u0438 \u043d\u0430 \u0456\u043d\u0448\u0438\u0445 \u043b\u044e\u0434\u0435\u0439 \u0442\u0430 \u0434\u043e\u0432\u043a\u0456\u043b\u043b\u044f. \u041d\u0430 \u0440\u0456\u0432\u043d\u0456 \u0441\u043e\u0446\u0456\u0430\u043b\u044c\u043d\u043e\u0457 \u043a\u043e\u043c\u043f\u0435\u0442\u0435\u043d\u0442\u043d\u043e\u0441\u0442\u0456 \u0443\u0447\u0430\u0441\u043d\u0438\u043a\u0438 \u043f\u043e\u0434\u043e\u043b\u0430\u044e\u0442\u044c \u0441\u0432\u043e\u0457 \u0431\u0430\u0440\u2019\u0454\u0440\u0438, \u043f\u043e\u0432\u2019\u044f\u0437\u0430\u043d\u0456 \u0437 \u043e\u0442\u0440\u0438\u043c\u0430\u043d\u043d\u044f\u043c \u0437\u043d\u0430\u043d\u044c \u0442\u0430 \u0434\u043e\u0441\u0432\u0456\u0434\u0443, \u043e\u0442\u0440\u0438\u043c\u0430\u044e\u0442\u044c \u043c\u043e\u0436\u043b\u0438\u0432\u0456\u0441\u0442\u044c \u0441\u043f\u0440\u043e\u0431\u0443\u0432\u0430\u0442\u0438 \u0440\u0456\u0437\u043d\u0456 \u0441\u043f\u043e\u0441\u043e\u0431\u0438 \u0432\u0438\u0440\u0456\u0448\u0435\u043d\u043d\u044f \u043d\u043e\u0432\u0438\u0445 \u0441\u0438\u0442\u0443\u0430\u0446\u0456\u0439, \u0434\u0456\u0437\u043d\u0430\u044e\u0442\u044c\u0441\u044f \u043f\u0440\u043e \u043c\u043e\u0436\u043b\u0438\u0432\u043e\u0441\u0442\u0456, \u044f\u043a\u0456 \u043d\u0430\u0434\u0430\u0454 \u0441\u043f\u0456\u0432\u043f\u0440\u0430\u0446\u044f \u0432 \u0433\u0440\u0443\u043f\u0456.<\/p>\n<p><a class=\"read-more\" href=\"\/ua\/o-projekcie\">\u0414\u0456\u0437\u043d\u0430\u0442\u0438\u0441\u044f \u0431\u0456\u043b\u044c\u0448\u0435<\/a>[\/vc_column_text][vc_empty_space height=&#8221;40px&#8221;][vc_separator color=&#8221;custom&#8221; accent_color=&#8221;#1c3c8f&#8221;][vc_empty_space height=&#8221;40px&#8221;][\/vc_column][\/vc_row]<\/p>\n<\/div>","protected":false},"excerpt":{"rendered":"<p>[vc_row][vc_column][vc_column_text] \u043f\u0440\u043e\u0435\u043a\u0442 \u201e\u0420\u043e\u0437\u0443\u043c\u0456\u044e, \u0442\u043e\u043c\u0443 \u044f \u043f\u0440\u0438\u0439\u043c\u0430\u044e&#8221; \u041c\u0435\u0442\u043e\u044e \u043f\u0440\u043e\u0435\u043a\u0442\u0443 \u201e \u0420\u043e\u0437\u0443\u043c\u0456\u044e, \u0442\u043e\u043c\u0443 \u044f \u043f\u0440\u0438\u0439\u043c\u0430\u044e\u201d \u0454 \u0444\u043e\u0440\u043c\u0443\u0432\u0430\u043d\u043d\u044f \u0441\u0442\u0430\u0432\u043b\u0435\u043d\u043d\u044f \u0442\u043e\u043b\u0435\u0440\u0430\u043d\u0442\u043d\u043e\u0441\u0442\u0456 \u0442\u0430 \u0432\u0456\u0434\u043a\u0440\u0438\u0442\u043e\u0441\u0442\u0456 \u0434\u043e &hellip; <\/p>\n","protected":false},"author":1,"featured_media":0,"parent":0,"menu_order":0,"comment_status":"closed","ping_status":"closed","template":"page-left-sidebar.php","meta":{"footnotes":""},"class_list":["post-57","page","type-page","status-publish","hentry"],"yoast_head":"<!-- This site is optimized with the Yoast SEO plugin v26.6 - https:\/\/yoast.com\/wordpress\/plugins\/seo\/ -->\n<title>Strona g\u0142\u00f3wna - Rozumiem, wi\u0119c akceptuj\u0119<\/title>\n<meta name=\"robots\" content=\"index, follow, max-snippet:-1, max-image-preview:large, max-video-preview:-1\" \/>\n<link rel=\"canonical\" href=\"https:\/\/rozumiem-akceptuje.fundacjasmart.pl\/ua\/\" \/>\n<meta property=\"og:locale\" content=\"en_US\" \/>\n<meta property=\"og:type\" content=\"article\" \/>\n<meta property=\"og:title\" content=\"Strona g\u0142\u00f3wna - Rozumiem, wi\u0119c akceptuj\u0119\" \/>\n<meta property=\"og:description\" content=\"[vc_row][vc_column][vc_column_text] \u043f\u0440\u043e\u0435\u043a\u0442 \u201e\u0420\u043e\u0437\u0443\u043c\u0456\u044e, \u0442\u043e\u043c\u0443 \u044f \u043f\u0440\u0438\u0439\u043c\u0430\u044e&#8221; \u041c\u0435\u0442\u043e\u044e \u043f\u0440\u043e\u0435\u043a\u0442\u0443 \u201e \u0420\u043e\u0437\u0443\u043c\u0456\u044e, \u0442\u043e\u043c\u0443 \u044f \u043f\u0440\u0438\u0439\u043c\u0430\u044e\u201d \u0454 \u0444\u043e\u0440\u043c\u0443\u0432\u0430\u043d\u043d\u044f \u0441\u0442\u0430\u0432\u043b\u0435\u043d\u043d\u044f \u0442\u043e\u043b\u0435\u0440\u0430\u043d\u0442\u043d\u043e\u0441\u0442\u0456 \u0442\u0430 \u0432\u0456\u0434\u043a\u0440\u0438\u0442\u043e\u0441\u0442\u0456 \u0434\u043e &hellip;\" \/>\n<meta property=\"og:url\" content=\"https:\/\/rozumiem-akceptuje.fundacjasmart.pl\/ua\/\" \/>\n<meta property=\"og:site_name\" content=\"Rozumiem, wi\u0119c akceptuj\u0119\" \/>\n<meta property=\"article:modified_time\" content=\"2024-02-25T18:42:16+00:00\" \/>\n<meta name=\"twitter:card\" content=\"summary_large_image\" \/>\n<meta name=\"twitter:label1\" content=\"Est. reading time\" \/>\n\t<meta name=\"twitter:data1\" content=\"1 minute\" \/>\n<script type=\"application\/ld+json\" class=\"yoast-schema-graph\">{\"@context\":\"https:\/\/schema.org\",\"@graph\":[{\"@type\":\"WebPage\",\"@id\":\"https:\/\/rozumiem-akceptuje.fundacjasmart.pl\/ua\/\",\"url\":\"https:\/\/rozumiem-akceptuje.fundacjasmart.pl\/ua\/\",\"name\":\"Strona g\u0142\u00f3wna - Rozumiem, wi\u0119c akceptuj\u0119\",\"isPartOf\":{\"@id\":\"https:\/\/rozumiem-akceptuje.fundacjasmart.pl\/#website\"},\"datePublished\":\"2023-12-01T22:55:48+00:00\",\"dateModified\":\"2024-02-25T18:42:16+00:00\",\"breadcrumb\":{\"@id\":\"https:\/\/rozumiem-akceptuje.fundacjasmart.pl\/ua\/#breadcrumb\"},\"inLanguage\":\"ua-UA\",\"potentialAction\":[{\"@type\":\"ReadAction\",\"target\":[\"https:\/\/rozumiem-akceptuje.fundacjasmart.pl\/ua\/\"]}]},{\"@type\":\"BreadcrumbList\",\"@id\":\"https:\/\/rozumiem-akceptuje.fundacjasmart.pl\/ua\/#breadcrumb\",\"itemListElement\":[{\"@type\":\"ListItem\",\"position\":1,\"name\":\"Strona g\u0142\u00f3wna\",\"item\":\"https:\/\/rozumiem-akceptuje.fundacjasmart.pl\/ua\/\"},{\"@type\":\"ListItem\",\"position\":2,\"name\":\"Strona g\u0142\u00f3wna\"}]},{\"@type\":\"WebSite\",\"@id\":\"https:\/\/rozumiem-akceptuje.fundacjasmart.pl\/#website\",\"url\":\"https:\/\/rozumiem-akceptuje.fundacjasmart.pl\/\",\"name\":\"Rozumiem, wi\u0119c akceptuj\u0119\",\"description\":\"\",\"potentialAction\":[{\"@type\":\"SearchAction\",\"target\":{\"@type\":\"EntryPoint\",\"urlTemplate\":\"https:\/\/rozumiem-akceptuje.fundacjasmart.pl\/?s={search_term_string}\"},\"query-input\":{\"@type\":\"PropertyValueSpecification\",\"valueRequired\":true,\"valueName\":\"search_term_string\"}}],\"inLanguage\":\"ua-UA\"}]}<\/script>\n<!-- \/ Yoast SEO plugin. -->","yoast_head_json":{"title":"Strona g\u0142\u00f3wna - Rozumiem, wi\u0119c akceptuj\u0119","robots":{"index":"index","follow":"follow","max-snippet":"max-snippet:-1","max-image-preview":"max-image-preview:large","max-video-preview":"max-video-preview:-1"},"canonical":"https:\/\/rozumiem-akceptuje.fundacjasmart.pl\/ua\/","og_locale":"en_US","og_type":"article","og_title":"Strona g\u0142\u00f3wna - Rozumiem, wi\u0119c akceptuj\u0119","og_description":"[vc_row][vc_column][vc_column_text] \u043f\u0440\u043e\u0435\u043a\u0442 \u201e\u0420\u043e\u0437\u0443\u043c\u0456\u044e, \u0442\u043e\u043c\u0443 \u044f \u043f\u0440\u0438\u0439\u043c\u0430\u044e&#8221; \u041c\u0435\u0442\u043e\u044e \u043f\u0440\u043e\u0435\u043a\u0442\u0443 \u201e \u0420\u043e\u0437\u0443\u043c\u0456\u044e, \u0442\u043e\u043c\u0443 \u044f \u043f\u0440\u0438\u0439\u043c\u0430\u044e\u201d \u0454 \u0444\u043e\u0440\u043c\u0443\u0432\u0430\u043d\u043d\u044f \u0441\u0442\u0430\u0432\u043b\u0435\u043d\u043d\u044f \u0442\u043e\u043b\u0435\u0440\u0430\u043d\u0442\u043d\u043e\u0441\u0442\u0456 \u0442\u0430 \u0432\u0456\u0434\u043a\u0440\u0438\u0442\u043e\u0441\u0442\u0456 \u0434\u043e &hellip;","og_url":"https:\/\/rozumiem-akceptuje.fundacjasmart.pl\/ua\/","og_site_name":"Rozumiem, wi\u0119c akceptuj\u0119","article_modified_time":"2024-02-25T18:42:16+00:00","twitter_card":"summary_large_image","twitter_misc":{"Est. reading time":"1 minute"},"schema":{"@context":"https:\/\/schema.org","@graph":[{"@type":"WebPage","@id":"https:\/\/rozumiem-akceptuje.fundacjasmart.pl\/ua\/","url":"https:\/\/rozumiem-akceptuje.fundacjasmart.pl\/ua\/","name":"Strona g\u0142\u00f3wna - Rozumiem, wi\u0119c akceptuj\u0119","isPartOf":{"@id":"https:\/\/rozumiem-akceptuje.fundacjasmart.pl\/#website"},"datePublished":"2023-12-01T22:55:48+00:00","dateModified":"2024-02-25T18:42:16+00:00","breadcrumb":{"@id":"https:\/\/rozumiem-akceptuje.fundacjasmart.pl\/ua\/#breadcrumb"},"inLanguage":"ua-UA","potentialAction":[{"@type":"ReadAction","target":["https:\/\/rozumiem-akceptuje.fundacjasmart.pl\/ua\/"]}]},{"@type":"BreadcrumbList","@id":"https:\/\/rozumiem-akceptuje.fundacjasmart.pl\/ua\/#breadcrumb","itemListElement":[{"@type":"ListItem","position":1,"name":"Strona g\u0142\u00f3wna","item":"https:\/\/rozumiem-akceptuje.fundacjasmart.pl\/ua\/"},{"@type":"ListItem","position":2,"name":"Strona g\u0142\u00f3wna"}]},{"@type":"WebSite","@id":"https:\/\/rozumiem-akceptuje.fundacjasmart.pl\/#website","url":"https:\/\/rozumiem-akceptuje.fundacjasmart.pl\/","name":"Rozumiem, wi\u0119c akceptuj\u0119","description":"","potentialAction":[{"@type":"SearchAction","target":{"@type":"EntryPoint","urlTemplate":"https:\/\/rozumiem-akceptuje.fundacjasmart.pl\/?s={search_term_string}"},"query-input":{"@type":"PropertyValueSpecification","valueRequired":true,"valueName":"search_term_string"}}],"inLanguage":"ua-UA"}]}},"_links":{"self":[{"href":"https:\/\/rozumiem-akceptuje.fundacjasmart.pl\/ua\/wp-json\/wp\/v2\/pages\/57","targetHints":{"allow":["GET"]}}],"collection":[{"href":"https:\/\/rozumiem-akceptuje.fundacjasmart.pl\/ua\/wp-json\/wp\/v2\/pages"}],"about":[{"href":"https:\/\/rozumiem-akceptuje.fundacjasmart.pl\/ua\/wp-json\/wp\/v2\/types\/page"}],"author":[{"embeddable":true,"href":"https:\/\/rozumiem-akceptuje.fundacjasmart.pl\/ua\/wp-json\/wp\/v2\/users\/1"}],"replies":[{"embeddable":true,"href":"https:\/\/rozumiem-akceptuje.fundacjasmart.pl\/ua\/wp-json\/wp\/v2\/comments?post=57"}],"version-history":[{"count":3,"href":"https:\/\/rozumiem-akceptuje.fundacjasmart.pl\/ua\/wp-json\/wp\/v2\/pages\/57\/revisions"}],"predecessor-version":[{"id":114,"href":"https:\/\/rozumiem-akceptuje.fundacjasmart.pl\/ua\/wp-json\/wp\/v2\/pages\/57\/revisions\/114"}],"wp:attachment":[{"href":"https:\/\/rozumiem-akceptuje.fundacjasmart.pl\/ua\/wp-json\/wp\/v2\/media?parent=57"}],"curies":[{"name":"wp","href":"https:\/\/api.w.org\/{rel}","templated":true}]}}